{"id":21,"date":"2014-11-25T16:37:40","date_gmt":"2014-11-25T15:37:40","guid":{"rendered":"http:\/\/staging.digital-light.ch\/?page_id=21"},"modified":"2018-03-12T14:47:05","modified_gmt":"2018-03-12T13:47:05","slug":"angelbox","status":"publish","type":"page","link":"https:\/\/staging.digital-light.ch\/?page_id=21","title":{"rendered":"AngelBox"},"content":{"rendered":"<div id='av_section_1'  class='avia-section av-av_section-f7e6e1155edd775587dbe3b1c275a9ad main_color avia-section-default avia-no-shadow  avia-builder-el-0  el_before_av_layerslider  avia-builder-el-first  avia-bg-style-scroll  container_wrap sidebar_right'  ><div class='av-section-color-overlay-wrap'><a href='#next-section' title='' class='scroll-down-link ' aria-hidden='true' data-av_icon='\ue877' data-av_iconfont='entypo-fontello'><\/a><div class='container av-section-cont-open' ><main  role=\"main\" itemprop=\"mainContentOfPage\"  class='template-page content  av-content-small alpha units'><div class='post-entry post-entry-type-page post-entry-21'><div class='entry-content-wrapper clearfix'>\n<\/div><\/div><\/main><!-- close content main element --><\/div><\/div><\/div><div id='layer_slider_1'  class='avia-layerslider main_color avia-shadow  avia-builder-el-1  el_after_av_section  el_before_av_one_full  slider-not-first container_wrap sidebar_right'  style='height: 721px; max-width: 1280px; margin: 0 auto;'  ><\/div><div id='after_layer_slider_1'  class='main_color av_default_container_wrap container_wrap sidebar_right'  ><div class='container av-section-cont-open' ><div class='template-page content  av-content-small alpha units'><div class='post-entry post-entry-type-page post-entry-21'><div class='entry-content-wrapper clearfix'>\n<div class='flex_column av-av_one_full-2a9015ff38129c418a3f2eafba3e9512 av_one_full  avia-builder-el-2  el_after_av_layerslider  avia-builder-el-no-sibling  first flex_column_div '   ><p><section  class='av_textblock_section av-av_textblock-2de302bf1aa3cf4c9157dbe6f50ac7eb '  itemscope=\"itemscope\" itemtype=\"https:\/\/schema.org\/CreativeWork\" ><div class='avia_textblock '  itemprop=\"text\" ><p><span style=\"vertical-align: inherit;\"><span style=\"vertical-align: inherit;\"><span style=\"vertical-align: inherit;\"><span style=\"vertical-align: inherit;\">Le\u00a0 <\/span><\/span><\/span><\/span><strong><span style=\"vertical-align: inherit;\"><span style=\"vertical-align: inherit;\"><span style=\"vertical-align: inherit;\"><span style=\"vertical-align: inherit;\">Lorem Ipsum<\/span><\/span><\/span><\/span><\/strong><span style=\"vertical-align: inherit;\"><span style=\"vertical-align: inherit;\"><span style=\"vertical-align: inherit;\"><span style=\"vertical-align: inherit;\"> \u00a0est simplement faux texte employ\u00e9 dans la<\/span><\/span><\/span><\/span><\/p>\n<h1><span style=\"vertical-align: inherit;\"><span style=\"vertical-align: inherit;\"><span style=\"vertical-align: inherit;\"><span style=\"vertical-align: inherit;\">Titre 1<\/span><\/span><\/span><\/span><\/h1>\n<p><span style=\"vertical-align: inherit;\"><span style=\"vertical-align: inherit;\"><span style=\"vertical-align: inherit;\"><span style=\"vertical-align: inherit;\">composition et mise en page avant impression. <\/span><\/span><\/span><span style=\"vertical-align: inherit;\"><span style=\"vertical-align: inherit;\"><span style=\"vertical-align: inherit;\">Le Lorem Ipsum est le faux texte standard de <\/span><\/span><a href=\"http:\/\/test\"><span style=\"vertical-align: inherit;\"><span style=\"vertical-align: inherit;\">l&#8217;imprimerie<\/span><\/span><\/a><span style=\"vertical-align: inherit;\"><span style=\"vertical-align: inherit;\"> depuis les ann\u00e9es 1500,<\/span><\/span><\/span><\/span><\/p>\n<h2><span style=\"vertical-align: inherit;\"><span style=\"vertical-align: inherit;\"><span style=\"vertical-align: inherit;\"><span style=\"vertical-align: inherit;\">Titre2<\/span><\/span><\/span><\/span><\/h2>\n<p><span style=\"vertical-align: inherit;\"><span style=\"vertical-align: inherit;\"><span style=\"vertical-align: inherit;\"><span style=\"vertical-align: inherit;\">quand un peintre anonyme assembl\u00e9 ensemble de morceaux de texte <\/span><\/span><\/span><\/span><\/p>\n<h3><span style=\"vertical-align: inherit;\"><span style=\"vertical-align: inherit;\"><span style=\"vertical-align: inherit;\"><span style=\"vertical-align: inherit;\">Titre3<\/span><\/span><\/span><\/span><\/h3>\n<p><span style=\"vertical-align: inherit;\"><span style=\"vertical-align: inherit;\"><span style=\"vertical-align: inherit;\"><span style=\"vertical-align: inherit;\">pour r\u00e9aliser un livre de police de texte. <\/span><\/span><\/span><span style=\"vertical-align: inherit;\"><span style=\"vertical-align: inherit;\"><span style=\"vertical-align: inherit;\">Il n&#8217;a pas fait que survivre cinq<\/span><\/span><\/span><\/span><\/p>\n<h4><span style=\"vertical-align: inherit;\"><span style=\"vertical-align: inherit;\"><span style=\"vertical-align: inherit;\"><span style=\"vertical-align: inherit;\">Titre 4<\/span><\/span><\/span><\/span><\/h4>\n<p><span style=\"vertical-align: inherit;\"><span style=\"vertical-align: inherit;\"><span style=\"vertical-align: inherit;\"><span style=\"vertical-align: inherit;\">si\u00e8cles, mais s&#8217;est adapt\u00e9 \u00e0 la bureautique informatique, <\/span><\/span><\/span><\/span><\/p>\n<h6><span style=\"vertical-align: inherit;\"><span style=\"vertical-align: inherit;\"><span style=\"vertical-align: inherit;\"><span style=\"vertical-align: inherit;\">Titre 5<\/span><\/span><\/span><\/span><\/h6>\n<p><span style=\"vertical-align: inherit;\"><span style=\"vertical-align: inherit;\"><span style=\"vertical-align: inherit;\"><span style=\"vertical-align: inherit;\">sans que son contenu n&#8217;en soit modifi\u00e9. <\/span><\/span><\/span><span style=\"vertical-align: inherit;\"><span style=\"vertical-align: inherit;\"><span style=\"vertical-align: inherit;\">Il a \u00e9t\u00e9 popularis\u00e9 dans les<\/span><\/span><\/span><\/span><\/p>\n<h6><span style=\"vertical-align: inherit;\"><span style=\"vertical-align: inherit;\"><span style=\"vertical-align: inherit;\"><span style=\"vertical-align: inherit;\">Titre 6<\/span><\/span><\/span><\/span><\/h6>\n<p><span style=\"vertical-align: inherit;\"><span style=\"vertical-align: inherit;\"><span style=\"vertical-align: inherit;\"><span style=\"vertical-align: inherit;\">ANNEES 1960 <\/span><\/span><a href=\"http:\/\/tester\"><span style=\"vertical-align: inherit;\"><span style=\"vertical-align: inherit;\">Gr\u00e2ce \u00e0 la vente<\/span><\/span><\/a><span style=\"vertical-align: inherit;\"><span style=\"vertical-align: inherit;\"> de Letraset Le contenu Feuilles des passages du Lorem Ipsum, et, plus recemment, l&#8217; <\/span><span style=\"vertical-align: inherit;\">inclusion par les applications de Dans la <\/span><span style=\"vertical-align: inherit;\">mise en page de texte, Aldus PageMaker Comme.<\/span><\/span><\/span><\/span><\/p>\n<\/div><\/section><br \/>\n<div  class='togglecontainer av-av_toggle_container-8e0c6e39d39b619a829887bd54fff3ed  avia-builder-el-4  el_after_av_textblock  avia-builder-el-last  toggle_close_all ' >\n<section class='av_toggle_section av-av_toggle-493f206bcc1501743e70da818a73d89f'  itemscope=\"itemscope\" itemtype=\"https:\/\/schema.org\/CreativeWork\" ><div role=\"tablist\" class=\"single_toggle\" data-tags=\"{All} \"  ><p data-fake-id='#toggle-id-1' class='toggler   '  itemprop=\"headline\"  role='tab' tabindex='0' aria-controls='toggle-id-1'>Toutes vos donn\u00e9es.<span class=\"toggle_icon\"><span class=\"vert_icon\"><\/span><span class=\"hor_icon\"><\/span><\/span><\/p><div id='toggle-id-1' class='toggle_wrap  '  ><div class='toggle_content invers-color '  itemprop=\"text\" ><p>\u2022 Stockage principal rapide partag\u00e9 en r\u00e9seau.<\/p>\n<p>\u2022 Backup des postes de travail, serveurs et clouds existants.<\/p>\n<p>\u2022 Archivage \u00e0 long terme.<\/p>\n<\/div><\/div><\/div><\/section>\n<section class='av_toggle_section av-av_toggle-33368da2374909c2fd64d4dcda71c56e'  itemscope=\"itemscope\" itemtype=\"https:\/\/schema.org\/CreativeWork\" ><div role=\"tablist\" class=\"single_toggle\" data-tags=\"{All} \"  ><p data-fake-id='#toggle-id-2' class='toggler   '  itemprop=\"headline\"  role='tab' tabindex='0' aria-controls='toggle-id-2'>Vos donn\u00e9es, chez vous.<span class=\"toggle_icon\"><span class=\"vert_icon\"><\/span><span class=\"hor_icon\"><\/span><\/span><\/p><div id='toggle-id-2' class='toggle_wrap  '  ><div class='toggle_content invers-color '  itemprop=\"text\" ><p>\u2022 AngelBox est chez vous, vos donn\u00e9es sont toujours en votre possession.<\/p>\n<p>\u2022 Acc\u00e8s 20 \u00e0 500 fois plus rapide que les \u201cClouds\u201d.<\/p>\n<p>\u2022 De 3 TO \u00e0 1000 TO sans difficult\u00e9.<\/p>\n<p>\u2022 Vos donn\u00e9es ne quittent jamais le territoire Suisse !<\/p>\n<\/div><\/div><\/div><\/section>\n<section class='av_toggle_section av-av_toggle-e1f96ae881aa394a9314cd4c7a29c2d3'  itemscope=\"itemscope\" itemtype=\"https:\/\/schema.org\/CreativeWork\" ><div role=\"tablist\" class=\"single_toggle\" data-tags=\"{All} \"  ><p data-fake-id='#toggle-id-3' class='toggler   '  itemprop=\"headline\"  role='tab' tabindex='0' aria-controls='toggle-id-3'>Garantit incorruptible.<span class=\"toggle_icon\"><span class=\"vert_icon\"><\/span><span class=\"hor_icon\"><\/span><\/span><\/p><div id='toggle-id-3' class='toggle_wrap  '  ><div class='toggle_content invers-color '  itemprop=\"text\" ><p>\u2022 Garantie d\u2019int\u00e9grit\u00e9 des donn\u00e9es.<\/p>\n<p>\u2022 Corruption active ou silencieuse impossible !<\/p>\n<p>\u2022 Moteur de stockage avec \u201cauto-gu\u00e9rison\u201d.<\/p>\n<p>\u2022 Fiabilit\u00e9 sup\u00e9rieure aux Raids 0, 1, 5, 6, 10 etc.<\/p>\n<\/div><\/div><\/div><\/section>\n<section class='av_toggle_section av-av_toggle-7a18e474ae7e66714eabda12e6156995'  itemscope=\"itemscope\" itemtype=\"https:\/\/schema.org\/CreativeWork\" ><div role=\"tablist\" class=\"single_toggle\" data-tags=\"{All} \"  ><p data-fake-id='#toggle-id-4' class='toggler   '  itemprop=\"headline\"  role='tab' tabindex='0' aria-controls='toggle-id-4'>Enti\u00e8rement R\u00e9pliqu\u00e9 en Data Center en Suisse<span class=\"toggle_icon\"><span class=\"vert_icon\"><\/span><span class=\"hor_icon\"><\/span><\/span><\/p><div id='toggle-id-4' class='toggle_wrap  '  ><div class='toggle_content invers-color '  itemprop=\"text\" ><p>\u2022 R\u00e9plication int\u00e9grale avec garantie d\u2019exactitude de la copie.<\/p>\n<p>\u2022 Data Center de point en Suisse (Satigny, GE)<\/p>\n<p>en 2015: chaque AngelBox r\u00e9pliqu\u00e9e dans 2 DataCenters en Suisse<\/p>\n<p>\u2022 Vos donn\u00e9es ne sont jamais confi\u00e9es \u00e0 des prestataires tiers.<\/p>\n<p>\u2022 R\u00e9plication optimis\u00e9e, une ligne ADSL \u201cstandard\u201d suffit<\/p>\n<\/div><\/div><\/div><\/section>\n<section class='av_toggle_section av-av_toggle-4586c82b17a8d4a63361be139a36ddcc'  itemscope=\"itemscope\" itemtype=\"https:\/\/schema.org\/CreativeWork\" ><div role=\"tablist\" class=\"single_toggle\" data-tags=\"{All} \"  ><p data-fake-id='#toggle-id-5' class='toggler   '  itemprop=\"headline\"  role='tab' tabindex='0' aria-controls='toggle-id-5'>S\u00e9curis\u00e9.<span class=\"toggle_icon\"><span class=\"vert_icon\"><\/span><span class=\"hor_icon\"><\/span><\/span><\/p><div id='toggle-id-5' class='toggle_wrap  '  ><div class='toggle_content invers-color '  itemprop=\"text\" ><p>\u2022 Transferts et r\u00e9plication enti\u00e8rement crypt\u00e9s.<\/p>\n<p>\u2022 Donn\u00e9es sur disque crypt\u00e9es en AES-256 (option gratuite).<\/p>\n<\/div><\/div><\/div><\/section>\n<section class='av_toggle_section av-av_toggle-0c4d44f5b49c2a045c926aec5319293f'  itemscope=\"itemscope\" itemtype=\"https:\/\/schema.org\/CreativeWork\" ><div role=\"tablist\" class=\"single_toggle\" data-tags=\"{All} \"  ><p data-fake-id='#toggle-id-6' class='toggler   '  itemprop=\"headline\"  role='tab' tabindex='0' aria-controls='toggle-id-6'>Install\u00e9 en 10 minutes.<span class=\"toggle_icon\"><span class=\"vert_icon\"><\/span><span class=\"hor_icon\"><\/span><\/span><\/p><div id='toggle-id-6' class='toggle_wrap  '  ><div class='toggle_content invers-color '  itemprop=\"text\" ><p>\u2022 Utilisation ultra-simple.<\/p>\n<p>\u2022 Install\u00e9 en 10 minutes.<\/p>\n<\/div><\/div><\/div><\/section>\n<section class='av_toggle_section av-av_toggle-bd25483a89b751f49b3d748aa09bd34c'  itemscope=\"itemscope\" itemtype=\"https:\/\/schema.org\/CreativeWork\" ><div role=\"tablist\" class=\"single_toggle\" data-tags=\"{All} \"  ><p data-fake-id='#toggle-id-7' class='toggler   '  itemprop=\"headline\"  role='tab' tabindex='0' aria-controls='toggle-id-7'>Support technique 7\/7 inclus.<span class=\"toggle_icon\"><span class=\"vert_icon\"><\/span><span class=\"hor_icon\"><\/span><\/span><\/p><div id='toggle-id-7' class='toggle_wrap  '  ><div class='toggle_content invers-color '  itemprop=\"text\" ><p>\u2022 Garantie illimit\u00e9e avec remplacement d\u2019avance sur site.<\/p>\n<p>\u2022 Support technique 7\/7.<\/p>\n<\/div><\/div><\/div><\/section>\n<section class='av_toggle_section av-av_toggle-1291cf7d5e769628f29fba67f916646a'  itemscope=\"itemscope\" itemtype=\"https:\/\/schema.org\/CreativeWork\" ><div role=\"tablist\" class=\"single_toggle\" data-tags=\"{All} \"  ><p data-fake-id='#toggle-id-8' class='toggler   '  itemprop=\"headline\"  role='tab' tabindex='0' aria-controls='toggle-id-8'>Incroyablement abordable.<span class=\"toggle_icon\"><span class=\"vert_icon\"><\/span><span class=\"hor_icon\"><\/span><\/span><\/p><div id='toggle-id-8' class='toggle_wrap  '  ><div class='toggle_content invers-color '  itemprop=\"text\" ><p>\u2022\u00a0A partir de Frs 620.- par an pour 3 TO, tout compris : AngelBox sur site, r\u00e9plication DataCenter, Support 7\/7.<\/p>\n<p>\u2022\u00a01 TO suppl\u00e9mentaire = Frs 195.- \/ an.<\/p>\n<p>\u2022 Pas de dur\u00e9e minimale de contrat !<\/p>\n<\/div><\/div><\/div><\/section>\n<\/div><\/p><\/div>\n","protected":false},"excerpt":{"rendered":"","protected":false},"author":1,"featured_media":0,"parent":0,"menu_order":1,"comment_status":"closed","ping_status":"closed","template":"","meta":[],"_links":{"self":[{"href":"https:\/\/staging.digital-light.ch\/index.php?rest_route=\/wp\/v2\/pages\/21"}],"collection":[{"href":"https:\/\/staging.digital-light.ch\/index.php?rest_route=\/wp\/v2\/pages"}],"about":[{"href":"https:\/\/staging.digital-light.ch\/index.php?rest_route=\/wp\/v2\/types\/page"}],"author":[{"embeddable":true,"href":"https:\/\/staging.digital-light.ch\/index.php?rest_route=\/wp\/v2\/users\/1"}],"replies":[{"embeddable":true,"href":"https:\/\/staging.digital-light.ch\/index.php?rest_route=%2Fwp%2Fv2%2Fcomments&post=21"}],"version-history":[{"count":7,"href":"https:\/\/staging.digital-light.ch\/index.php?rest_route=\/wp\/v2\/pages\/21\/revisions"}],"predecessor-version":[{"id":537,"href":"https:\/\/staging.digital-light.ch\/index.php?rest_route=\/wp\/v2\/pages\/21\/revisions\/537"}],"wp:attachment":[{"href":"https:\/\/staging.digital-light.ch\/index.php?rest_route=%2Fwp%2Fv2%2Fmedia&parent=21"}],"curies":[{"name":"wp","href":"https:\/\/api.w.org\/{rel}","templated":true}]}}